{"id":187,"date":"2023-02-17T13:35:18","date_gmt":"2023-02-17T13:35:18","guid":{"rendered":"https:\/\/greengrow.dk\/?page_id=187"},"modified":"2023-04-17T15:52:29","modified_gmt":"2023-04-17T15:52:29","slug":"montagesystem","status":"publish","type":"page","link":"https:\/\/greengrow.dk\/index.php\/montagesystem\/","title":{"rendered":"Montagesystem"},"content":{"rendered":"<p>[et_pb_section fb_built=&#8221;1&#8243; _builder_version=&#8221;4.20.2&#8243; _module_preset=&#8221;default&#8221; custom_padding=&#8221;|||0px||&#8221; global_colors_info=&#8221;{}&#8221;][et_pb_row column_structure=&#8221;2_5,3_5&#8243; _builder_version=&#8221;4.20.2&#8243; _module_preset=&#8221;default&#8221; background_color=&#8221;#7CDA24&#8243; width=&#8221;100%&#8221; min_height=&#8221;89.1px&#8221; custom_margin=&#8221;|-470px|27px|2px||&#8221; custom_padding=&#8221;30px|28px|0px|0px||&#8221; global_colors_info=&#8221;{}&#8221;][et_pb_column type=&#8221;2_5&#8243; _builder_version=&#8221;4.20.2&#8243; _module_preset=&#8221;default&#8221; global_colors_info=&#8221;{}&#8221;][et_pb_text _builder_version=&#8221;4.20.4&#8243; _module_preset=&#8221;default&#8221; text_text_color=&#8221;#8300E9&#8243; text_font_size=&#8221;14px&#8221; text_line_height=&#8221;1em&#8221; min_height=&#8221;544.5px&#8221; custom_margin=&#8221;|-39px|215px|15px||&#8221; custom_padding=&#8221;0px|28px|39px|0px||&#8221; global_colors_info=&#8221;{}&#8221;]<\/p>\n<ul>\n<li style=\"text-align: left;\">Vort montagesystem best\u00e5r af aluminiumsskinner op til 4,7 meters l\u00e6ngde som samles med specialbeslag.<\/li>\n<li style=\"text-align: left;\">Fastg\u00f8relsen i underlaget er her vist med \u00d8 10 mm rustfri st\u00e5lbolte, normalt 250 mm lange og med 80 mm gevind til forsvarlig montering fortrinsvis i tagets underliggende sp\u00e6r eller forst\u00e6rkede tagl\u00e6gter. Afstanden mellem boltene er 2 meter, dog mindre ved problemtage. Via vinklerne kan skinnerne justeres til udligning af uj\u00e6vnheder i tagkonstruktionen.<\/li>\n<li style=\"text-align: left;\">Via en gummipakning sikres t\u00e6thed. Disse beslag anvendes fortrinsvis p\u00e5 eternit- og metalb\u00f8lgetag, men kan ogs\u00e5 med en individuel l\u00f8sning fastg\u00f8res til betonballastklodser med\/uden bitumenkl\u00e6ber p\u00e5 flade tage. Vi undg\u00e5r normalt altid at gennembryde tagpaptage grundet risiko for senere ut\u00e6theder.<\/li>\n<li style=\"text-align: left;\">Til tegltage anvendes vinkelbeslag med\/uden justeringsmulighed afh\u00e6ngig af opgaven.<\/li>\n<li style=\"text-align: left;\">Selve panelerne fastg\u00f8res med ende- eller mellemklamper, normalt 4 steder p\u00e5 panelet.<\/li>\n<\/ul>\n<p>&nbsp;<\/p>\n<p>[\/et_pb_text][\/et_pb_column][et_pb_column type=&#8221;3_5&#8243; _builder_version=&#8221;4.20.2&#8243; _module_preset=&#8221;default&#8221; global_colors_info=&#8221;{}&#8221;][et_pb_image src=&#8221;https:\/\/greengrow.dk\/wp-content\/uploads\/2023\/03\/Staalmontagebolte-mellembeslag-og-endebeslag.webp&#8221; title_text=&#8221;St\u00e5lmontagebolte, mellembeslag og endebeslag&#8221; _builder_version=&#8221;4.20.2&#8243; _module_preset=&#8221;default&#8221; custom_margin=&#8221;-236px||20px|31px||&#8221; global_colors_info=&#8221;{}&#8221;][\/et_pb_image][\/et_pb_column][\/et_pb_row][et_pb_row column_structure=&#8221;1_2,1_2&#8243; _builder_version=&#8221;4.20.2&#8243; _module_preset=&#8221;default&#8221; min_height=&#8221;284.1px&#8221; custom_margin=&#8221;-8px|auto||auto||&#8221; custom_padding=&#8221;29px||59px|||&#8221; global_colors_info=&#8221;{}&#8221;][et_pb_column type=&#8221;1_2&#8243; _builder_version=&#8221;4.20.2&#8243; _module_preset=&#8221;default&#8221; global_colors_info=&#8221;{}&#8221;][et_pb_text _builder_version=&#8221;4.20.4&#8243; _module_preset=&#8221;default&#8221; text_text_color=&#8221;#E02B20&#8243; text_font_size=&#8221;28px&#8221; text_line_height=&#8221;1.2em&#8221; module_alignment=&#8221;center&#8221; custom_padding=&#8221;0px|||||&#8221; global_colors_info=&#8221;{}&#8221;]<\/p>\n<p><a href=\"https:\/\/greengrow.dk\/wp-content\/uploads\/2023\/04\/Rail.webp\"><img loading=\"lazy\" decoding=\"async\" src=\"https:\/\/greengrow.dk\/wp-content\/uploads\/2023\/04\/Rail-300x300.webp\" width=\"300\" height=\"300\" alt=\"\" class=\"wp-image-356 alignnone size-medium\" \/><\/a>Aluskinne i hele l\u00e6ngder 4,7 meter: Pr. m kr 60,00. I anbrud: kr. 75,00 ecl.moms<\/p>\n<p>&nbsp;<\/p>\n<p>[\/et_pb_text][et_pb_text _builder_version=&#8221;4.20.4&#8243; _module_preset=&#8221;default&#8221; text_text_color=&#8221;#e03c1f&#8221; text_font_size=&#8221;26px&#8221; text_line_height=&#8221;1.2em&#8221; module_alignment=&#8221;center&#8221; custom_padding=&#8221;0px|||||&#8221; global_colors_info=&#8221;{}&#8221;]<\/p>\n<p><a href=\"https:\/\/greengrow.dk\/wp-content\/uploads\/2023\/04\/Rail.webp\"><\/a><a href=\"https:\/\/greengrow.dk\/wp-content\/uploads\/2023\/04\/Montagebeslag-tegl.webp\"><img loading=\"lazy\" decoding=\"async\" src=\"https:\/\/greengrow.dk\/wp-content\/uploads\/2023\/04\/Montagebeslag-tegl-300x300.webp\" width=\"301\" height=\"301\" alt=\"\" class=\"wp-image-354 alignnone size-medium\" \/><\/a><a href=\"https:\/\/greengrow.dk\/wp-content\/uploads\/2023\/04\/Rail.webp\">Teglbeslag, standard fast kr 43,00 ecl. moms<\/a><\/p>\n<p>&nbsp;<\/p>\n<p>&nbsp;<\/p>\n<p>[\/et_pb_text][et_pb_text _builder_version=&#8221;4.20.4&#8243; _module_preset=&#8221;default&#8221; text_text_color=&#8221;#e03c1f&#8221; text_font_size=&#8221;26px&#8221; text_line_height=&#8221;1.2em&#8221; module_alignment=&#8221;center&#8221; custom_padding=&#8221;0px|||||&#8221; global_colors_info=&#8221;{}&#8221;]<\/p>\n<p>&nbsp;<\/p>\n<p><a href=\"https:\/\/greengrow.dk\/wp-content\/uploads\/2023\/04\/Montagebolt.png\"><img loading=\"lazy\" decoding=\"async\" src=\"https:\/\/greengrow.dk\/wp-content\/uploads\/2023\/04\/Montagebolt-300x79.png\" width=\"300\" height=\"79\" alt=\"\" class=\"wp-image-360 alignnone size-medium\" \/>Montagebolt inkl. vinkelbeslag til fastholdelse af skinne.<\/a><\/p>\n<p><a href=\"https:\/\/greengrow.dk\/wp-content\/uploads\/2023\/04\/Montagebolt.png\">200 mm kr. 27,00<\/a><\/p>\n<p><a href=\"https:\/\/greengrow.dk\/wp-content\/uploads\/2023\/04\/Montagebolt.png\">250 mm kr. 29,00<\/a><\/p>\n<p><a href=\"https:\/\/greengrow.dk\/wp-content\/uploads\/2023\/04\/Montagebolt.png\">Lang 300 mm kr. 31,00.<\/a><a href=\"https:\/\/greengrow.dk\/wp-content\/uploads\/2023\/04\/Rail.webp\"><\/a><a href=\"https:\/\/greengrow.dk\/wp-content\/uploads\/2023\/04\/Montagebeslag-tegl.webp\"><\/a><\/p>\n<p>&nbsp;<\/p>\n<p>&nbsp;<\/p>\n<p>[\/et_pb_text][\/et_pb_column][et_pb_column type=&#8221;1_2&#8243; _builder_version=&#8221;4.20.2&#8243; _module_preset=&#8221;default&#8221; global_colors_info=&#8221;{}&#8221;][et_pb_text _builder_version=&#8221;4.20.4&#8243; _module_preset=&#8221;default&#8221; text_text_color=&#8221;#E02B20&#8243; text_font_size=&#8221;28px&#8221; text_line_height=&#8221;1.2em&#8221; module_alignment=&#8221;center&#8221; min_height=&#8221;540.6px&#8221; custom_margin=&#8221;||-171px|||&#8221; global_colors_info=&#8221;{}&#8221;]<\/p>\n<p>Mellemklampe og endeklampe til panelfastg\u00f8relse p\u00e5 skinnerne. Pr. stk 10,00 ecl. moms.<\/p>\n<p>Skinnesamler kr 25,00 ecl. moms<\/p>\n<p><a href=\"https:\/\/greengrow.dk\/wp-content\/uploads\/2023\/04\/Rail-splice-kit.webp\"><img loading=\"lazy\" decoding=\"async\" src=\"https:\/\/greengrow.dk\/wp-content\/uploads\/2023\/04\/Rail-splice-kit-300x300.webp\" width=\"300\" height=\"300\" alt=\"\" class=\"wp-image-357 alignnone size-medium\" \/><\/a><\/p>\n<p>&nbsp;<\/p>\n<p>&nbsp;<\/p>\n<p>[\/et_pb_text][et_pb_text _builder_version=&#8221;4.20.4&#8243; _module_preset=&#8221;default&#8221; text_text_color=&#8221;#E02B20&#8243; text_font_size=&#8221;28px&#8221; text_line_height=&#8221;1.2em&#8221; module_alignment=&#8221;center&#8221; min_height=&#8221;540.6px&#8221; custom_margin=&#8221;||-171px|||&#8221; global_colors_info=&#8221;{}&#8221;]<\/p>\n<p>Teglbeslag, justerbar kr. 51,00 ecl. moms<\/p>\n<p><a href=\"https:\/\/greengrow.dk\/wp-content\/uploads\/2023\/04\/Monteringsbeslag-tegl-justerbart.webp\"><img loading=\"lazy\" decoding=\"async\" src=\"https:\/\/greengrow.dk\/wp-content\/uploads\/2023\/04\/Monteringsbeslag-tegl-justerbart-300x248.webp\" width=\"300\" height=\"248\" alt=\"\" class=\"wp-image-355 alignnone size-medium\" \/><\/a><\/p>\n<p>&nbsp;<\/p>\n<p>&nbsp;<\/p>\n<p>&nbsp;<\/p>\n<p>[\/et_pb_text][et_pb_text _builder_version=&#8221;4.20.4&#8243; _module_preset=&#8221;default&#8221; text_text_color=&#8221;#E02B20&#8243; text_font_size=&#8221;28px&#8221; text_line_height=&#8221;1.2em&#8221; module_alignment=&#8221;center&#8221; min_height=&#8221;540.6px&#8221; custom_margin=&#8221;||-171px|||&#8221; global_colors_info=&#8221;{}&#8221;]<\/p>\n<p>Teglbeslag, justerbar kr. 51,00 ecl. moms<\/p>\n<p>Jordingsbeslag kr. 11,00 ecl.moms<\/p>\n<p>Jordingsklips kr. 3,00 ecl. moms<\/p>\n<p>4 mm2 solarkabel r\u00f8d\/bl\u00e5 i anbrud, pr. m kr. 12,00 ecl. moms<\/p>\n<p>MC4 fornindelsesstik til samling af kabel kr. 29,00 ecl. moms<\/p>\n<p>MC4 Y forgrenerstik til samling af flere solcellekredse kr. 75,00 ecl. moms<\/p>\n<p>&nbsp;<\/p>\n<p>&nbsp;<\/p>\n<p>&nbsp;<\/p>\n<p>[\/et_pb_text][\/et_pb_column][\/et_pb_row][et_pb_row column_structure=&#8221;1_2,1_2&#8243; _builder_version=&#8221;4.20.2&#8243; _module_preset=&#8221;default&#8221; custom_padding=&#8221;0px|||||&#8221; global_colors_info=&#8221;{}&#8221;][et_pb_column type=&#8221;1_2&#8243; _builder_version=&#8221;4.20.2&#8243; _module_preset=&#8221;default&#8221; global_colors_info=&#8221;{}&#8221;][\/et_pb_column][et_pb_column type=&#8221;1_2&#8243; _builder_version=&#8221;4.20.2&#8243; _module_preset=&#8221;default&#8221; global_colors_info=&#8221;{}&#8221;][\/et_pb_column][\/et_pb_row][\/et_pb_section]<\/p>\n","protected":false},"excerpt":{"rendered":"<p>Vort montagesystem best\u00e5r af aluminiumsskinner op til 4,7 meters l\u00e6ngde som samles med specialbeslag. Fastg\u00f8relsen i underlaget er her vist med \u00d8 10 mm rustfri st\u00e5lbolte, normalt 250 mm lange og med 80 mm gevind til forsvarlig montering fortrinsvis i tagets underliggende sp\u00e6r eller forst\u00e6rkede tagl\u00e6gter. Afstanden mellem boltene er 2 meter, dog mindre ved [&hellip;]<\/p>\n","protected":false},"author":1,"featured_media":0,"parent":0,"menu_order":0,"comment_status":"closed","ping_status":"closed","template":"","meta":{"_et_pb_use_builder":"on","_et_pb_old_content":"<!-- wp:divi\/placeholder \/-->","_et_gb_content_width":"","footnotes":""},"class_list":["post-187","page","type-page","status-publish","hentry"],"yoast_head":"<!-- This site is optimized with the Yoast SEO plugin v27.4 - https:\/\/yoast.com\/product\/yoast-seo-wordpress\/ -->\n<title>Montagesystem - Greengrow<\/title>\n<meta name=\"robots\" content=\"index, follow, max-snippet:-1, max-image-preview:large, max-video-preview:-1\" \/>\n<link rel=\"canonical\" href=\"https:\/\/greengrow.dk\/index.php\/montagesystem\/\" \/>\n<meta property=\"og:locale\" content=\"da_DK\" \/>\n<meta property=\"og:type\" content=\"article\" \/>\n<meta property=\"og:title\" content=\"Montagesystem - Greengrow\" \/>\n<meta property=\"og:description\" content=\"Vort montagesystem best\u00e5r af aluminiumsskinner op til 4,7 meters l\u00e6ngde som samles med specialbeslag. Fastg\u00f8relsen i underlaget er her vist med \u00d8 10 mm rustfri st\u00e5lbolte, normalt 250 mm lange og med 80 mm gevind til forsvarlig montering fortrinsvis i tagets underliggende sp\u00e6r eller forst\u00e6rkede tagl\u00e6gter. Afstanden mellem boltene er 2 meter, dog mindre ved [&hellip;]\" \/>\n<meta property=\"og:url\" content=\"https:\/\/greengrow.dk\/index.php\/montagesystem\/\" \/>\n<meta property=\"og:site_name\" content=\"Greengrow\" \/>\n<meta property=\"article:modified_time\" content=\"2023-04-17T15:52:29+00:00\" \/>\n<meta property=\"og:image\" content=\"https:\/\/greengrow.dk\/wp-content\/uploads\/2023\/04\/Rail-300x300.webp\" \/>\n<meta name=\"twitter:card\" content=\"summary_large_image\" \/>\n<script type=\"application\/ld+json\" class=\"yoast-schema-graph\">{\"@context\":\"https:\\\/\\\/schema.org\",\"@graph\":[{\"@type\":\"WebPage\",\"@id\":\"https:\\\/\\\/greengrow.dk\\\/index.php\\\/montagesystem\\\/\",\"url\":\"https:\\\/\\\/greengrow.dk\\\/index.php\\\/montagesystem\\\/\",\"name\":\"Montagesystem - Greengrow\",\"isPartOf\":{\"@id\":\"https:\\\/\\\/greengrow.dk\\\/#website\"},\"primaryImageOfPage\":{\"@id\":\"https:\\\/\\\/greengrow.dk\\\/index.php\\\/montagesystem\\\/#primaryimage\"},\"image\":{\"@id\":\"https:\\\/\\\/greengrow.dk\\\/index.php\\\/montagesystem\\\/#primaryimage\"},\"thumbnailUrl\":\"https:\\\/\\\/greengrow.dk\\\/wp-content\\\/uploads\\\/2023\\\/04\\\/Rail-300x300.webp\",\"datePublished\":\"2023-02-17T13:35:18+00:00\",\"dateModified\":\"2023-04-17T15:52:29+00:00\",\"breadcrumb\":{\"@id\":\"https:\\\/\\\/greengrow.dk\\\/index.php\\\/montagesystem\\\/#breadcrumb\"},\"inLanguage\":\"da-DK\",\"potentialAction\":[{\"@type\":\"ReadAction\",\"target\":[\"https:\\\/\\\/greengrow.dk\\\/index.php\\\/montagesystem\\\/\"]}]},{\"@type\":\"ImageObject\",\"inLanguage\":\"da-DK\",\"@id\":\"https:\\\/\\\/greengrow.dk\\\/index.php\\\/montagesystem\\\/#primaryimage\",\"url\":\"https:\\\/\\\/greengrow.dk\\\/wp-content\\\/uploads\\\/2023\\\/04\\\/Rail-300x300.webp\",\"contentUrl\":\"https:\\\/\\\/greengrow.dk\\\/wp-content\\\/uploads\\\/2023\\\/04\\\/Rail-300x300.webp\"},{\"@type\":\"BreadcrumbList\",\"@id\":\"https:\\\/\\\/greengrow.dk\\\/index.php\\\/montagesystem\\\/#breadcrumb\",\"itemListElement\":[{\"@type\":\"ListItem\",\"position\":1,\"name\":\"Hjem\",\"item\":\"https:\\\/\\\/greengrow.dk\\\/\"},{\"@type\":\"ListItem\",\"position\":2,\"name\":\"Montagesystem\"}]},{\"@type\":\"WebSite\",\"@id\":\"https:\\\/\\\/greengrow.dk\\\/#website\",\"url\":\"https:\\\/\\\/greengrow.dk\\\/\",\"name\":\"Greengrow\",\"description\":\"Bare endnu et WordPress websted\",\"potentialAction\":[{\"@type\":\"SearchAction\",\"target\":{\"@type\":\"EntryPoint\",\"urlTemplate\":\"https:\\\/\\\/greengrow.dk\\\/?s={search_term_string}\"},\"query-input\":{\"@type\":\"PropertyValueSpecification\",\"valueRequired\":true,\"valueName\":\"search_term_string\"}}],\"inLanguage\":\"da-DK\"}]}<\/script>\n<!-- \/ Yoast SEO plugin. -->","yoast_head_json":{"title":"Montagesystem - Greengrow","robots":{"index":"index","follow":"follow","max-snippet":"max-snippet:-1","max-image-preview":"max-image-preview:large","max-video-preview":"max-video-preview:-1"},"canonical":"https:\/\/greengrow.dk\/index.php\/montagesystem\/","og_locale":"da_DK","og_type":"article","og_title":"Montagesystem - Greengrow","og_description":"Vort montagesystem best\u00e5r af aluminiumsskinner op til 4,7 meters l\u00e6ngde som samles med specialbeslag. Fastg\u00f8relsen i underlaget er her vist med \u00d8 10 mm rustfri st\u00e5lbolte, normalt 250 mm lange og med 80 mm gevind til forsvarlig montering fortrinsvis i tagets underliggende sp\u00e6r eller forst\u00e6rkede tagl\u00e6gter. Afstanden mellem boltene er 2 meter, dog mindre ved [&hellip;]","og_url":"https:\/\/greengrow.dk\/index.php\/montagesystem\/","og_site_name":"Greengrow","article_modified_time":"2023-04-17T15:52:29+00:00","og_image":[{"url":"https:\/\/greengrow.dk\/wp-content\/uploads\/2023\/04\/Rail-300x300.webp","type":"","width":"","height":""}],"twitter_card":"summary_large_image","schema":{"@context":"https:\/\/schema.org","@graph":[{"@type":"WebPage","@id":"https:\/\/greengrow.dk\/index.php\/montagesystem\/","url":"https:\/\/greengrow.dk\/index.php\/montagesystem\/","name":"Montagesystem - Greengrow","isPartOf":{"@id":"https:\/\/greengrow.dk\/#website"},"primaryImageOfPage":{"@id":"https:\/\/greengrow.dk\/index.php\/montagesystem\/#primaryimage"},"image":{"@id":"https:\/\/greengrow.dk\/index.php\/montagesystem\/#primaryimage"},"thumbnailUrl":"https:\/\/greengrow.dk\/wp-content\/uploads\/2023\/04\/Rail-300x300.webp","datePublished":"2023-02-17T13:35:18+00:00","dateModified":"2023-04-17T15:52:29+00:00","breadcrumb":{"@id":"https:\/\/greengrow.dk\/index.php\/montagesystem\/#breadcrumb"},"inLanguage":"da-DK","potentialAction":[{"@type":"ReadAction","target":["https:\/\/greengrow.dk\/index.php\/montagesystem\/"]}]},{"@type":"ImageObject","inLanguage":"da-DK","@id":"https:\/\/greengrow.dk\/index.php\/montagesystem\/#primaryimage","url":"https:\/\/greengrow.dk\/wp-content\/uploads\/2023\/04\/Rail-300x300.webp","contentUrl":"https:\/\/greengrow.dk\/wp-content\/uploads\/2023\/04\/Rail-300x300.webp"},{"@type":"BreadcrumbList","@id":"https:\/\/greengrow.dk\/index.php\/montagesystem\/#breadcrumb","itemListElement":[{"@type":"ListItem","position":1,"name":"Hjem","item":"https:\/\/greengrow.dk\/"},{"@type":"ListItem","position":2,"name":"Montagesystem"}]},{"@type":"WebSite","@id":"https:\/\/greengrow.dk\/#website","url":"https:\/\/greengrow.dk\/","name":"Greengrow","description":"Bare endnu et WordPress websted","potentialAction":[{"@type":"SearchAction","target":{"@type":"EntryPoint","urlTemplate":"https:\/\/greengrow.dk\/?s={search_term_string}"},"query-input":{"@type":"PropertyValueSpecification","valueRequired":true,"valueName":"search_term_string"}}],"inLanguage":"da-DK"}]}},"_links":{"self":[{"href":"https:\/\/greengrow.dk\/index.php\/wp-json\/wp\/v2\/pages\/187","targetHints":{"allow":["GET"]}}],"collection":[{"href":"https:\/\/greengrow.dk\/index.php\/wp-json\/wp\/v2\/pages"}],"about":[{"href":"https:\/\/greengrow.dk\/index.php\/wp-json\/wp\/v2\/types\/page"}],"author":[{"embeddable":true,"href":"https:\/\/greengrow.dk\/index.php\/wp-json\/wp\/v2\/users\/1"}],"replies":[{"embeddable":true,"href":"https:\/\/greengrow.dk\/index.php\/wp-json\/wp\/v2\/comments?post=187"}],"version-history":[{"count":9,"href":"https:\/\/greengrow.dk\/index.php\/wp-json\/wp\/v2\/pages\/187\/revisions"}],"predecessor-version":[{"id":389,"href":"https:\/\/greengrow.dk\/index.php\/wp-json\/wp\/v2\/pages\/187\/revisions\/389"}],"wp:attachment":[{"href":"https:\/\/greengrow.dk\/index.php\/wp-json\/wp\/v2\/media?parent=187"}],"curies":[{"name":"wp","href":"https:\/\/api.w.org\/{rel}","templated":true}]}}